{"id":75,"date":"2025-07-03T19:14:53","date_gmt":"2025-07-03T17:14:53","guid":{"rendered":"https:\/\/byesenciaeterea.com\/?page_id=75"},"modified":"2026-01-18T17:41:40","modified_gmt":"2026-01-18T16:41:40","slug":"manifestacion","status":"publish","type":"page","link":"https:\/\/byesenciaeterea.com\/?page_id=75","title":{"rendered":"Tienda Esot\u00e9rica"},"content":{"rendered":"\n<figure class=\"wp-block-gallery has-nested-images columns-3 is-cropped wp-block-gallery-1 is-layout-flex wp-block-gallery-is-layout-flex\">\n<figure class=\"wp-block-image size-large is-style-default\"><img loading=\"lazy\" decoding=\"async\" width=\"768\" height=\"1024\" data-id=\"273\" src=\"https:\/\/byesenciaeterea.com\/wp-content\/uploads\/2026\/01\/WhatsApp-Image-2026-01-18-at-17.34.48-768x1024.jpeg\" alt=\"\" class=\"wp-image-273\" srcset=\"https:\/\/byesenciaeterea.com\/wp-content\/uploads\/2026\/01\/WhatsApp-Image-2026-01-18-at-17.34.48-768x1024.jpeg 768w, https:\/\/byesenciaeterea.com\/wp-content\/uploads\/2026\/01\/WhatsApp-Image-2026-01-18-at-17.34.48-225x300.jpeg 225w, https:\/\/byesenciaeterea.com\/wp-content\/uploads\/2026\/01\/WhatsApp-Image-2026-01-18-at-17.34.48-1152x1536.jpeg 1152w, https:\/\/byesenciaeterea.com\/wp-content\/uploads\/2026\/01\/WhatsApp-Image-2026-01-18-at-17.34.48.jpeg 1200w\" sizes=\"auto, (max-width: 768px) 100vw, 768px\" \/><\/figure>\n\n\n\n<figure class=\"wp-block-image size-large is-style-default\"><img loading=\"lazy\" decoding=\"async\" width=\"1024\" height=\"951\" data-id=\"272\" src=\"https:\/\/byesenciaeterea.com\/wp-content\/uploads\/2026\/01\/WhatsApp-Image-2026-01-18-at-17.27.28-1024x951.jpeg\" alt=\"\" class=\"wp-image-272\" srcset=\"https:\/\/byesenciaeterea.com\/wp-content\/uploads\/2026\/01\/WhatsApp-Image-2026-01-18-at-17.27.28-1024x951.jpeg 1024w, https:\/\/byesenciaeterea.com\/wp-content\/uploads\/2026\/01\/WhatsApp-Image-2026-01-18-at-17.27.28-300x278.jpeg 300w, https:\/\/byesenciaeterea.com\/wp-content\/uploads\/2026\/01\/WhatsApp-Image-2026-01-18-at-17.27.28-768x713.jpeg 768w, https:\/\/byesenciaeterea.com\/wp-content\/uploads\/2026\/01\/WhatsApp-Image-2026-01-18-at-17.27.28-1536x1426.jpeg 1536w, https:\/\/byesenciaeterea.com\/wp-content\/uploads\/2026\/01\/WhatsApp-Image-2026-01-18-at-17.27.28.jpeg 2048w\" sizes=\"auto, (max-width: 1024px) 100vw, 1024px\" \/><\/figure>\n<\/figure>\n\n\n\n<p style=\"margin-top:var(--wp--preset--spacing--30);margin-bottom:var(--wp--preset--spacing--30)\"><\/p>\n\n\n\n<p class=\"has-text-align-center has-heading-font-family has-large-font-size\" style=\"margin-top:var(--wp--preset--spacing--20);margin-bottom:var(--wp--preset--spacing--20)\">Descubre los mejores productos esot\u00e9ricos seleccionados espec\u00edficamente para ti<\/p>\n\n\n\n<p class=\"has-text-align-center has-heading-font-family has-large-font-size\" style=\"margin-top:var(--wp--preset--spacing--20);margin-bottom:var(--wp--preset--spacing--20)\">Sahumerios, inciensos, cartas, piedras, aceites esenciales, velas, amuletos, libros y mucho m\u00e1s<\/p>\n\n\n\n<p class=\"has-text-align-center has-gradient-5-gradient-background has-background has-system-serif-font-family has-large-font-size\" style=\"margin-top:var(--wp--preset--spacing--40);margin-bottom:var(--wp--preset--spacing--40)\">PROMOCIONES ESPECIALES S\u00d3LO DE TEMPORADA<\/p>\n\n\n\n<p class=\"has-text-align-center has-heading-font-family has-large-font-size\" style=\"margin-top:var(--wp--preset--spacing--20);margin-bottom:var(--wp--preset--spacing--20)\"><a href=\"https:\/\/wa.me\/c\/34644666759\" data-type=\"link\" data-id=\"https:\/\/wa.me\/c\/34644666759\">Ver Ediciones Especiales <\/a><\/p>\n\n\n\n<p style=\"margin-top:var(--wp--preset--spacing--30);margin-bottom:var(--wp--preset--spacing--30)\"><\/p>\n\n\n\n<p class=\"has-text-align-center has-system-serif-font-family has-large-font-size\" style=\"margin-top:var(--wp--preset--spacing--30);margin-bottom:var(--wp--preset--spacing--30)\">Estos son algunos de nuestros productos disponibles <\/p>\n\n\n\n<figure class=\"wp-block-gallery has-nested-images columns-default is-cropped wp-block-gallery-2 is-layout-flex wp-block-gallery-is-layout-flex\">\n<figure class=\"wp-block-image size-large\"><img loading=\"lazy\" decoding=\"async\" width=\"811\" height=\"1024\" data-id=\"271\" src=\"https:\/\/byesenciaeterea.com\/wp-content\/uploads\/2026\/01\/WhatsApp-Image-2026-01-18-at-17.20.56-811x1024.jpeg\" alt=\"\" class=\"wp-image-271\" srcset=\"https:\/\/byesenciaeterea.com\/wp-content\/uploads\/2026\/01\/WhatsApp-Image-2026-01-18-at-17.20.56-811x1024.jpeg 811w, https:\/\/byesenciaeterea.com\/wp-content\/uploads\/2026\/01\/WhatsApp-Image-2026-01-18-at-17.20.56-237x300.jpeg 237w, https:\/\/byesenciaeterea.com\/wp-content\/uploads\/2026\/01\/WhatsApp-Image-2026-01-18-at-17.20.56-768x970.jpeg 768w, https:\/\/byesenciaeterea.com\/wp-content\/uploads\/2026\/01\/WhatsApp-Image-2026-01-18-at-17.20.56-1216x1536.jpeg 1216w, https:\/\/byesenciaeterea.com\/wp-content\/uploads\/2026\/01\/WhatsApp-Image-2026-01-18-at-17.20.56.jpeg 1621w\" sizes=\"auto, (max-width: 811px) 100vw, 811px\" \/><\/figure>\n\n\n\n<figure class=\"wp-block-image size-large\"><img loading=\"lazy\" decoding=\"async\" width=\"768\" height=\"1024\" data-id=\"190\" src=\"https:\/\/byesenciaeterea.com\/wp-content\/uploads\/2025\/10\/IMG_20251022_152449-768x1024.jpg\" alt=\"\" class=\"wp-image-190\" srcset=\"https:\/\/byesenciaeterea.com\/wp-content\/uploads\/2025\/10\/IMG_20251022_152449-768x1024.jpg 768w, https:\/\/byesenciaeterea.com\/wp-content\/uploads\/2025\/10\/IMG_20251022_152449-225x300.jpg 225w, https:\/\/byesenciaeterea.com\/wp-content\/uploads\/2025\/10\/IMG_20251022_152449-1152x1536.jpg 1152w, https:\/\/byesenciaeterea.com\/wp-content\/uploads\/2025\/10\/IMG_20251022_152449-1536x2048.jpg 1536w, https:\/\/byesenciaeterea.com\/wp-content\/uploads\/2025\/10\/IMG_20251022_152449-scaled.jpg 1920w\" sizes=\"auto, (max-width: 768px) 100vw, 768px\" \/><\/figure>\n\n\n\n<figure class=\"wp-block-image size-large\"><img loading=\"lazy\" decoding=\"async\" width=\"1024\" height=\"768\" data-id=\"189\" src=\"https:\/\/byesenciaeterea.com\/wp-content\/uploads\/2025\/10\/IMG_20251001_170433-1024x768.jpg\" alt=\"\" class=\"wp-image-189\" srcset=\"https:\/\/byesenciaeterea.com\/wp-content\/uploads\/2025\/10\/IMG_20251001_170433-1024x768.jpg 1024w, https:\/\/byesenciaeterea.com\/wp-content\/uploads\/2025\/10\/IMG_20251001_170433-300x225.jpg 300w, https:\/\/byesenciaeterea.com\/wp-content\/uploads\/2025\/10\/IMG_20251001_170433-768x576.jpg 768w, https:\/\/byesenciaeterea.com\/wp-content\/uploads\/2025\/10\/IMG_20251001_170433-1536x1152.jpg 1536w, https:\/\/byesenciaeterea.com\/wp-content\/uploads\/2025\/10\/IMG_20251001_170433-2048x1536.jpg 2048w\" sizes=\"auto, (max-width: 1024px) 100vw, 1024px\" \/><\/figure>\n\n\n\n<figure class=\"wp-block-image size-large\"><img loading=\"lazy\" decoding=\"async\" width=\"768\" height=\"1024\" data-id=\"268\" src=\"https:\/\/byesenciaeterea.com\/wp-content\/uploads\/2026\/01\/WhatsApp-Image-2026-01-18-at-17.20.56-2-768x1024.jpeg\" alt=\"\" class=\"wp-image-268\" srcset=\"https:\/\/byesenciaeterea.com\/wp-content\/uploads\/2026\/01\/WhatsApp-Image-2026-01-18-at-17.20.56-2-768x1024.jpeg 768w, https:\/\/byesenciaeterea.com\/wp-content\/uploads\/2026\/01\/WhatsApp-Image-2026-01-18-at-17.20.56-2-225x300.jpeg 225w, https:\/\/byesenciaeterea.com\/wp-content\/uploads\/2026\/01\/WhatsApp-Image-2026-01-18-at-17.20.56-2-1152x1536.jpeg 1152w, https:\/\/byesenciaeterea.com\/wp-content\/uploads\/2026\/01\/WhatsApp-Image-2026-01-18-at-17.20.56-2.jpeg 1536w\" sizes=\"auto, (max-width: 768px) 100vw, 768px\" \/><\/figure>\n\n\n\n<figure class=\"wp-block-image size-large\"><img loading=\"lazy\" decoding=\"async\" width=\"1015\" height=\"1024\" data-id=\"270\" src=\"https:\/\/byesenciaeterea.com\/wp-content\/uploads\/2026\/01\/WhatsApp-Image-2026-01-18-at-17.20.57-1015x1024.jpeg\" alt=\"\" class=\"wp-image-270\" srcset=\"https:\/\/byesenciaeterea.com\/wp-content\/uploads\/2026\/01\/WhatsApp-Image-2026-01-18-at-17.20.57-1015x1024.jpeg 1015w, https:\/\/byesenciaeterea.com\/wp-content\/uploads\/2026\/01\/WhatsApp-Image-2026-01-18-at-17.20.57-297x300.jpeg 297w, https:\/\/byesenciaeterea.com\/wp-content\/uploads\/2026\/01\/WhatsApp-Image-2026-01-18-at-17.20.57-150x150.jpeg 150w, https:\/\/byesenciaeterea.com\/wp-content\/uploads\/2026\/01\/WhatsApp-Image-2026-01-18-at-17.20.57-768x775.jpeg 768w, https:\/\/byesenciaeterea.com\/wp-content\/uploads\/2026\/01\/WhatsApp-Image-2026-01-18-at-17.20.57-1523x1536.jpeg 1523w, https:\/\/byesenciaeterea.com\/wp-content\/uploads\/2026\/01\/WhatsApp-Image-2026-01-18-at-17.20.57.jpeg 2030w\" sizes=\"auto, (max-width: 1015px) 100vw, 1015px\" \/><\/figure>\n\n\n\n<figure class=\"wp-block-image size-large\"><img loading=\"lazy\" decoding=\"async\" width=\"768\" height=\"1024\" data-id=\"269\" src=\"https:\/\/byesenciaeterea.com\/wp-content\/uploads\/2026\/01\/WhatsApp-Image-2026-01-18-at-17.20.56-1-768x1024.jpeg\" alt=\"\" class=\"wp-image-269\" srcset=\"https:\/\/byesenciaeterea.com\/wp-content\/uploads\/2026\/01\/WhatsApp-Image-2026-01-18-at-17.20.56-1-768x1024.jpeg 768w, https:\/\/byesenciaeterea.com\/wp-content\/uploads\/2026\/01\/WhatsApp-Image-2026-01-18-at-17.20.56-1-225x300.jpeg 225w, https:\/\/byesenciaeterea.com\/wp-content\/uploads\/2026\/01\/WhatsApp-Image-2026-01-18-at-17.20.56-1-1152x1536.jpeg 1152w, https:\/\/byesenciaeterea.com\/wp-content\/uploads\/2026\/01\/WhatsApp-Image-2026-01-18-at-17.20.56-1.jpeg 1536w\" sizes=\"auto, (max-width: 768px) 100vw, 768px\" \/><\/figure>\n<\/figure>\n\n\n\n<p class=\"has-text-align-center has-small-font-size\" style=\"margin-top:var(--wp--preset--spacing--30);margin-bottom:var(--wp--preset--spacing--30)\"><\/p>\n\n\n\n<p class=\"has-text-align-center\" style=\"margin-top:0;margin-bottom:0\"><\/p>\n\n\n\n<p style=\"margin-top:var(--wp--preset--spacing--30);margin-bottom:var(--wp--preset--spacing--30)\"><\/p>\n\n\n\n<p style=\"margin-top:var(--wp--preset--spacing--20);margin-bottom:var(--wp--preset--spacing--20)\"><\/p>\n\n\n\n<p style=\"margin-top:var(--wp--preset--spacing--20);margin-bottom:var(--wp--preset--spacing--20)\"><\/p>\n\n\n\n<p style=\"margin-top:var(--wp--preset--spacing--30);margin-bottom:var(--wp--preset--spacing--30)\"><\/p>\n\n\n\n<div class=\"wp-block-media-text is-stacked-on-mobile\" style=\"padding-top:0;padding-bottom:0;grid-template-columns:35% auto\"><figure class=\"wp-block-media-text__media\"><img loading=\"lazy\" decoding=\"async\" width=\"768\" height=\"1024\" src=\"https:\/\/byesenciaeterea.com\/wp-content\/uploads\/2025\/10\/IMG_20251020_125951-768x1024.jpg\" alt=\"\" class=\"wp-image-191 size-full\" srcset=\"https:\/\/byesenciaeterea.com\/wp-content\/uploads\/2025\/10\/IMG_20251020_125951-768x1024.jpg 768w, https:\/\/byesenciaeterea.com\/wp-content\/uploads\/2025\/10\/IMG_20251020_125951-225x300.jpg 225w, https:\/\/byesenciaeterea.com\/wp-content\/uploads\/2025\/10\/IMG_20251020_125951-1152x1536.jpg 1152w, https:\/\/byesenciaeterea.com\/wp-content\/uploads\/2025\/10\/IMG_20251020_125951-1536x2048.jpg 1536w, https:\/\/byesenciaeterea.com\/wp-content\/uploads\/2025\/10\/IMG_20251020_125951-scaled.jpg 1920w\" sizes=\"auto, (max-width: 768px) 100vw, 768px\" \/><\/figure><div class=\"wp-block-media-text__content\">\n<p class=\"has-text-align-center has-system-serif-font-family has-large-font-size\">Te invito a ver el cat\u00e1logo completo desde el perfil de WhatsApp<\/p>\n\n\n\n<p class=\"has-text-align-center has-system-serif-font-family has-large-font-size\">Env\u00edo GRATIS a partir de 23\u20ac<\/p>\n\n\n\n<p class=\"has-text-align-center has-system-serif-font-family has-large-font-size\">Pedido m\u00ednimo de 7\u20ac <\/p>\n\n\n\n<p class=\"has-text-align-center has-system-serif-font-family\" style=\"font-size:clamp(0.901rem, 0.901rem + ((1vw - 0.2rem) * 0.816), 1.35rem);\">Env\u00edo a toda la Pen\u00ednsula por Correo Certificado. Te proporcionamos un n\u00famero de seguimiento tras el env\u00edo de tu pedido. <\/p>\n<\/div><\/div>\n\n\n\n<p class=\"has-text-align-center has-medium-font-size\">Puedes acceder desde este enlace<\/p>\n\n\n\n<ul class=\"wp-block-social-links aligncenter has-huge-icon-size has-visible-labels is-style-logos-only is-horizontal is-layout-flex wp-block-social-links-is-layout-flex\"><li class=\"wp-social-link wp-social-link-whatsapp  wp-block-social-link\"><a href=\"https:\/\/wa.me\/c\/34644666759\" class=\"wp-block-social-link-anchor\"><svg width=\"24\" height=\"24\" viewBox=\"0 0 24 24\" version=\"1.1\" xmlns=\"http:\/\/www.w3.org\/2000\/svg\" aria-hidden=\"true\" focusable=\"false\"><path d=\"M 12.011719 2 C 6.5057187 2 2.0234844 6.478375 2.0214844 11.984375 C 2.0204844 13.744375 2.4814687 15.462563 3.3554688 16.976562 L 2 22 L 7.2324219 20.763672 C 8.6914219 21.559672 10.333859 21.977516 12.005859 21.978516 L 12.009766 21.978516 C 17.514766 21.978516 21.995047 17.499141 21.998047 11.994141 C 22.000047 9.3251406 20.962172 6.8157344 19.076172 4.9277344 C 17.190172 3.0407344 14.683719 2.001 12.011719 2 z M 12.009766 4 C 14.145766 4.001 16.153109 4.8337969 17.662109 6.3417969 C 19.171109 7.8517969 20.000047 9.8581875 19.998047 11.992188 C 19.996047 16.396187 16.413812 19.978516 12.007812 19.978516 C 10.674812 19.977516 9.3544062 19.642812 8.1914062 19.007812 L 7.5175781 18.640625 L 6.7734375 18.816406 L 4.8046875 19.28125 L 5.2851562 17.496094 L 5.5019531 16.695312 L 5.0878906 15.976562 C 4.3898906 14.768562 4.0204844 13.387375 4.0214844 11.984375 C 4.0234844 7.582375 7.6067656 4 12.009766 4 z M 8.4765625 7.375 C 8.3095625 7.375 8.0395469 7.4375 7.8105469 7.6875 C 7.5815469 7.9365 6.9355469 8.5395781 6.9355469 9.7675781 C 6.9355469 10.995578 7.8300781 12.182609 7.9550781 12.349609 C 8.0790781 12.515609 9.68175 15.115234 12.21875 16.115234 C 14.32675 16.946234 14.754891 16.782234 15.212891 16.740234 C 15.670891 16.699234 16.690438 16.137687 16.898438 15.554688 C 17.106437 14.971687 17.106922 14.470187 17.044922 14.367188 C 16.982922 14.263188 16.816406 14.201172 16.566406 14.076172 C 16.317406 13.951172 15.090328 13.348625 14.861328 13.265625 C 14.632328 13.182625 14.464828 13.140625 14.298828 13.390625 C 14.132828 13.640625 13.655766 14.201187 13.509766 14.367188 C 13.363766 14.534188 13.21875 14.556641 12.96875 14.431641 C 12.71875 14.305641 11.914938 14.041406 10.960938 13.191406 C 10.218937 12.530406 9.7182656 11.714844 9.5722656 11.464844 C 9.4272656 11.215844 9.5585938 11.079078 9.6835938 10.955078 C 9.7955938 10.843078 9.9316406 10.663578 10.056641 10.517578 C 10.180641 10.371578 10.223641 10.267562 10.306641 10.101562 C 10.389641 9.9355625 10.347156 9.7890625 10.285156 9.6640625 C 10.223156 9.5390625 9.737625 8.3065 9.515625 7.8125 C 9.328625 7.3975 9.131125 7.3878594 8.953125 7.3808594 C 8.808125 7.3748594 8.6425625 7.375 8.4765625 7.375 z\"><\/path><\/svg><span class=\"wp-block-social-link-label\">WhatsApp<\/span><\/a><\/li><\/ul>\n\n\n\n<p class=\"has-text-align-center\" style=\"margin-top:var(--wp--preset--spacing--10);margin-bottom:var(--wp--preset--spacing--10)\">Tarifa est\u00e1ndar para env\u00edos a la Pen\u00ednsula Ib\u00e9rica. Incremento de un 5,5% total del precio en los pagos con PayPal. Tiempo de env\u00edo seg\u00fan servicio interno de paqueter\u00eda\/transporte. <\/p>\n","protected":false},"excerpt":{"rendered":"<p>Descubre los mejores productos esot\u00e9ricos seleccionados espec\u00edficamente para ti Sahumerios, inciensos, cartas, piedras, aceites esenciales, velas, amuletos, libros y mucho m\u00e1s PROMOCIONES ESPECIALES S\u00d3LO DE TEMPORADA Ver Ediciones Especiales Estos son algunos de nuestros productos disponibles Te invito a ver el cat\u00e1logo completo desde el perfil de WhatsApp Env\u00edo GRATIS a partir de 23\u20ac Pedido [&hellip;]<\/p>\n","protected":false},"author":1,"featured_media":0,"parent":0,"menu_order":4,"comment_status":"closed","ping_status":"closed","template":"","meta":{"footnotes":""},"class_list":["post-75","page","type-page","status-publish","hentry"],"_links":{"self":[{"href":"https:\/\/byesenciaeterea.com\/index.php?rest_route=\/wp\/v2\/pages\/75","targetHints":{"allow":["GET"]}}],"collection":[{"href":"https:\/\/byesenciaeterea.com\/index.php?rest_route=\/wp\/v2\/pages"}],"about":[{"href":"https:\/\/byesenciaeterea.com\/index.php?rest_route=\/wp\/v2\/types\/page"}],"author":[{"embeddable":true,"href":"https:\/\/byesenciaeterea.com\/index.php?rest_route=\/wp\/v2\/users\/1"}],"replies":[{"embeddable":true,"href":"https:\/\/byesenciaeterea.com\/index.php?rest_route=%2Fwp%2Fv2%2Fcomments&post=75"}],"version-history":[{"count":5,"href":"https:\/\/byesenciaeterea.com\/index.php?rest_route=\/wp\/v2\/pages\/75\/revisions"}],"predecessor-version":[{"id":275,"href":"https:\/\/byesenciaeterea.com\/index.php?rest_route=\/wp\/v2\/pages\/75\/revisions\/275"}],"wp:attachment":[{"href":"https:\/\/byesenciaeterea.com\/index.php?rest_route=%2Fwp%2Fv2%2Fmedia&parent=75"}],"curies":[{"name":"wp","href":"https:\/\/api.w.org\/{rel}","templated":true}]}}