{"id":52,"date":"2025-06-28T20:38:13","date_gmt":"2025-06-28T18:38:13","guid":{"rendered":"https:\/\/byesenciaeterea.com\/?page_id=52"},"modified":"2025-08-25T12:36:54","modified_gmt":"2025-08-25T10:36:54","slug":"contacto","status":"publish","type":"page","link":"https:\/\/byesenciaeterea.com\/?page_id=52","title":{"rendered":"Contacto*"},"content":{"rendered":"\n<p><\/p>\n\n\n\n<p class=\"has-text-align-center has-base-background-color has-background has-large-font-size\">Aprende m\u00e1s sobre espiritualidad viendo el contenido que subo en mis redes sociales. En todas ellas es el mismo usuario @by.esencia.eterea<\/p>\n\n\n\n<ul class=\"wp-block-social-links aligncenter has-large-icon-size is-style-default is-horizontal is-content-justification-center is-layout-flex wp-container-core-social-links-is-layout-8663fe82 wp-block-social-links-is-layout-flex\" style=\"margin-top:0;margin-bottom:0\"><li class=\"wp-social-link wp-social-link-instagram  wp-block-social-link\"><a href=\"https:\/\/www.instagram.com\/by.esencia.eterea?igsh=MWljdjM4ZjNpYXM0aA==\" class=\"wp-block-social-link-anchor\"><svg width=\"24\" height=\"24\" viewBox=\"0 0 24 24\" version=\"1.1\" xmlns=\"http:\/\/www.w3.org\/2000\/svg\" aria-hidden=\"true\" focusable=\"false\"><path d=\"M12,4.622c2.403,0,2.688,0.009,3.637,0.052c0.877,0.04,1.354,0.187,1.671,0.31c0.42,0.163,0.72,0.358,1.035,0.673 c0.315,0.315,0.51,0.615,0.673,1.035c0.123,0.317,0.27,0.794,0.31,1.671c0.043,0.949,0.052,1.234,0.052,3.637 s-0.009,2.688-0.052,3.637c-0.04,0.877-0.187,1.354-0.31,1.671c-0.163,0.42-0.358,0.72-0.673,1.035 c-0.315,0.315-0.615,0.51-1.035,0.673c-0.317,0.123-0.794,0.27-1.671,0.31c-0.949,0.043-1.233,0.052-3.637,0.052 s-2.688-0.009-3.637-0.052c-0.877-0.04-1.354-0.187-1.671-0.31c-0.42-0.163-0.72-0.358-1.035-0.673 c-0.315-0.315-0.51-0.615-0.673-1.035c-0.123-0.317-0.27-0.794-0.31-1.671C4.631,14.688,4.622,14.403,4.622,12 s0.009-2.688,0.052-3.637c0.04-0.877,0.187-1.354,0.31-1.671c0.163-0.42,0.358-0.72,0.673-1.035 c0.315-0.315,0.615-0.51,1.035-0.673c0.317-0.123,0.794-0.27,1.671-0.31C9.312,4.631,9.597,4.622,12,4.622 M12,3 C9.556,3,9.249,3.01,8.289,3.054C7.331,3.098,6.677,3.25,6.105,3.472C5.513,3.702,5.011,4.01,4.511,4.511 c-0.5,0.5-0.808,1.002-1.038,1.594C3.25,6.677,3.098,7.331,3.054,8.289C3.01,9.249,3,9.556,3,12c0,2.444,0.01,2.751,0.054,3.711 c0.044,0.958,0.196,1.612,0.418,2.185c0.23,0.592,0.538,1.094,1.038,1.594c0.5,0.5,1.002,0.808,1.594,1.038 c0.572,0.222,1.227,0.375,2.185,0.418C9.249,20.99,9.556,21,12,21s2.751-0.01,3.711-0.054c0.958-0.044,1.612-0.196,2.185-0.418 c0.592-0.23,1.094-0.538,1.594-1.038c0.5-0.5,0.808-1.002,1.038-1.594c0.222-0.572,0.375-1.227,0.418-2.185 C20.99,14.751,21,14.444,21,12s-0.01-2.751-0.054-3.711c-0.044-0.958-0.196-1.612-0.418-2.185c-0.23-0.592-0.538-1.094-1.038-1.594 c-0.5-0.5-1.002-0.808-1.594-1.038c-0.572-0.222-1.227-0.375-2.185-0.418C14.751,3.01,14.444,3,12,3L12,3z M12,7.378 c-2.552,0-4.622,2.069-4.622,4.622S9.448,16.622,12,16.622s4.622-2.069,4.622-4.622S14.552,7.378,12,7.378z M12,15 c-1.657,0-3-1.343-3-3s1.343-3,3-3s3,1.343,3,3S13.657,15,12,15z M16.804,6.116c-0.596,0-1.08,0.484-1.08,1.08 s0.484,1.08,1.08,1.08c0.596,0,1.08-0.484,1.08-1.08S17.401,6.116,16.804,6.116z\"><\/path><\/svg><span class=\"wp-block-social-link-label screen-reader-text\">Instagram<\/span><\/a><\/li>\n\n<li class=\"wp-social-link wp-social-link-tiktok  wp-block-social-link\"><a href=\"https:\/\/www.tiktok.com\/@by.esencia.eterea?_t=zn-8xgk25ai5vk&#038;_r=1\" class=\"wp-block-social-link-anchor\"><svg width=\"24\" height=\"24\" viewBox=\"0 0 32 32\" version=\"1.1\" xmlns=\"http:\/\/www.w3.org\/2000\/svg\" aria-hidden=\"true\" focusable=\"false\"><path d=\"M16.708 0.027c1.745-0.027 3.48-0.011 5.213-0.027 0.105 2.041 0.839 4.12 2.333 5.563 1.491 1.479 3.6 2.156 5.652 2.385v5.369c-1.923-0.063-3.855-0.463-5.6-1.291-0.76-0.344-1.468-0.787-2.161-1.24-0.009 3.896 0.016 7.787-0.025 11.667-0.104 1.864-0.719 3.719-1.803 5.255-1.744 2.557-4.771 4.224-7.88 4.276-1.907 0.109-3.812-0.411-5.437-1.369-2.693-1.588-4.588-4.495-4.864-7.615-0.032-0.667-0.043-1.333-0.016-1.984 0.24-2.537 1.495-4.964 3.443-6.615 2.208-1.923 5.301-2.839 8.197-2.297 0.027 1.975-0.052 3.948-0.052 5.923-1.323-0.428-2.869-0.308-4.025 0.495-0.844 0.547-1.485 1.385-1.819 2.333-0.276 0.676-0.197 1.427-0.181 2.145 0.317 2.188 2.421 4.027 4.667 3.828 1.489-0.016 2.916-0.88 3.692-2.145 0.251-0.443 0.532-0.896 0.547-1.417 0.131-2.385 0.079-4.76 0.095-7.145 0.011-5.375-0.016-10.735 0.025-16.093z\" \/><\/svg><span class=\"wp-block-social-link-label screen-reader-text\">TikTok<\/span><\/a><\/li><\/ul>\n\n\n\n<p class=\"has-large-font-size\" style=\"margin-top:var(--wp--preset--spacing--20);margin-bottom:var(--wp--preset--spacing--20)\"><\/p>\n\n\n\n<p class=\"has-large-font-size\"><\/p>\n\n\n\n<p class=\"has-text-align-center has-base-background-color has-background has-large-font-size\">Si quieres contactar conmigo de forma directa y r\u00e1pida puedes escribirme un WhatsApp <\/p>\n\n\n\n<div class=\"wp-block-buttons is-content-justification-center is-layout-flex wp-container-core-buttons-is-layout-a89b3969 wp-block-buttons-is-layout-flex\">\n<div class=\"wp-block-button has-custom-width wp-block-button__width-50\"><a class=\"wp-block-button__link has-accent-4-background-color has-background has-large-font-size has-custom-font-size wp-element-button\" href=\"https:\/\/wa.me\/34644666759\" style=\"border-width:1px;border-radius:111px;padding-top:0;padding-right:0;padding-bottom:0;padding-left:0\">WhatsApp<\/a><\/div>\n<\/div>\n\n\n\n<p class=\"has-large-font-size\" style=\"margin-top:var(--wp--preset--spacing--20);margin-bottom:var(--wp--preset--spacing--20)\"><\/p>\n\n\n\n<p class=\"has-text-align-center has-base-background-color has-background has-large-font-size\">Tambi\u00e9n puedes mandar un mail a <a href=\"esencia.eterea1111@gmail.com\" data-type=\"link\" data-id=\"esencia.eterea1111@gmail.com\">esencia.eterea1111@gmail.com<\/a> si deseas hacer una colaboraci\u00f3n \u2709\ufe0f<\/p>\n\n\n\n<p class=\"has-large-font-size\" style=\"margin-top:var(--wp--preset--spacing--20);margin-bottom:var(--wp--preset--spacing--20)\"><\/p>\n\n\n\n<p class=\"has-text-align-center has-contrast-color has-base-background-color has-text-color has-background has-link-color has-large-font-size wp-elements-8e5ab73747c8df05f92b3f4454392e7f\">En cualquiera de los casos estar\u00e9 encantada de atenderte \ud83e\udd0d<\/p>\n\n\n\n<p style=\"margin-top:var(--wp--preset--spacing--50);margin-bottom:var(--wp--preset--spacing--50)\"><\/p>\n\n\n\n<p class=\"has-text-align-center has-small-font-size\">En byesenciaeterea nos comprometemos a proteger tu privacidad. Esta pol\u00edtica explica c\u00f3mo recopilo, uso y protejo tus datos personales cuando visitas esta web o interact\u00faas conmigo contratando un servicio.<\/p>\n\n\n\n<p style=\"margin-top:var(--wp--preset--spacing--20);margin-bottom:var(--wp--preset--spacing--20)\"><\/p>\n\n\n\n<h2 class=\"wp-block-heading has-text-align-center is-style-default\" style=\"margin-top:var(--wp--preset--spacing--40);margin-bottom:var(--wp--preset--spacing--40)\">Pol\u00edtica de privacidad<\/h2>\n\n\n\n<p style=\"margin-top:var(--wp--preset--spacing--60);margin-bottom:var(--wp--preset--spacing--60)\"><\/p>\n\n\n\n<p class=\"has-text-align-center has-system-serif-font-family has-large-font-size\">1. \u00bfQu\u00e9 datos recojo?<\/p>\n\n\n\n<p style=\"margin-top:var(--wp--preset--spacing--10);margin-bottom:var(--wp--preset--spacing--10)\"><\/p>\n\n\n\n<p class=\"has-text-align-center\">Nombre, apellidos, fecha de nacimiento y n\u00famero de tel\u00e9fono (al reservar sesiones)<\/p>\n\n\n\n<p class=\"has-text-align-center\">Correo electr\u00f3nico (al enviar formularios)<\/p>\n\n\n\n<p class=\"has-text-align-center\">Datos t\u00e9cnicos an\u00f3nimos (como IP, navegador, dispositivo) mediante cookies<\/p>\n\n\n\n<p style=\"margin-top:var(--wp--preset--spacing--30);margin-bottom:var(--wp--preset--spacing--30)\"><\/p>\n\n\n\n<p class=\"has-text-align-center has-system-serif-font-family has-large-font-size\">2. \u00bfPara qu\u00e9 uso tus datos? <\/p>\n\n\n\n<p style=\"margin-top:var(--wp--preset--spacing--10);margin-bottom:var(--wp--preset--spacing--10)\"><\/p>\n\n\n\n<p class=\"has-text-align-center\">Para responder tus consultas o enviarte informaci\u00f3n sobre tus reservas<\/p>\n\n\n\n<p style=\"margin-top:var(--wp--preset--spacing--30);margin-bottom:var(--wp--preset--spacing--30)\"><\/p>\n\n\n\n<p class=\"has-text-align-center has-system-serif-font-family has-large-font-size\">3. \u00bfC\u00f3mo protejo tu informaci\u00f3n?<\/p>\n\n\n\n<p style=\"margin-top:var(--wp--preset--spacing--10);margin-bottom:var(--wp--preset--spacing--10)\"><\/p>\n\n\n\n<p class=\"has-text-align-center\">Tus datos son tratados con confidencialidad y no se comparten con terceros no autorizados<\/p>\n\n\n\n<p class=\"has-text-align-center\">Uso plataformas seguras para el almacenamiento de correos y transacciones<\/p>\n\n\n\n<p class=\"has-text-align-center\">Las rese\u00f1as o testimonios ser\u00e1n an\u00f3nimos, s\u00f3lo aparecer\u00e1 la informaci\u00f3n personal que t\u00fa compartas en tu testimonio<\/p>\n\n\n\n<p style=\"margin-top:var(--wp--preset--spacing--30);margin-bottom:var(--wp--preset--spacing--30)\"><\/p>\n\n\n\n<p class=\"has-text-align-center has-system-serif-font-family has-large-font-size\">4. Cookies <\/p>\n\n\n\n<p style=\"margin-top:var(--wp--preset--spacing--10);margin-bottom:var(--wp--preset--spacing--10)\"><\/p>\n\n\n\n<p class=\"has-text-align-center\">Este sitio puede utilizar cookies para ofrecer una mejor experiencia. Puedes modificar o desactivar el uso de cookies en la configuraci\u00f3n de tu navegador. <\/p>\n\n\n\n<p style=\"margin-top:var(--wp--preset--spacing--30);margin-bottom:var(--wp--preset--spacing--30)\"><\/p>\n\n\n\n<p class=\"has-text-align-center has-system-serif-font-family has-large-font-size\">5. Derechos del usuario <\/p>\n\n\n\n<p style=\"margin-top:var(--wp--preset--spacing--10);margin-bottom:var(--wp--preset--spacing--10)\"><\/p>\n\n\n\n<p class=\"has-text-align-center\">Puedes solicitar acceso, modificaci\u00f3n o eliminaci\u00f3n de tus datos en cualquier momento escribiendo a: esencia.eterea1111@gmail.com<\/p>\n\n\n\n<p style=\"margin-top:var(--wp--preset--spacing--20);margin-bottom:var(--wp--preset--spacing--20)\"><\/p>\n\n\n\n<p><\/p>\n","protected":false},"excerpt":{"rendered":"<p>Aprende m\u00e1s sobre espiritualidad viendo el contenido que subo en mis redes sociales. En todas ellas es el mismo usuario @by.esencia.eterea Si quieres contactar conmigo de forma directa y r\u00e1pida puedes escribirme un WhatsApp Tambi\u00e9n puedes mandar un mail a esencia.eterea1111@gmail.com si deseas hacer una colaboraci\u00f3n \u2709\ufe0f En cualquiera de los casos estar\u00e9 encantada de [&hellip;]<\/p>\n","protected":false},"author":1,"featured_media":0,"parent":0,"menu_order":9,"comment_status":"closed","ping_status":"closed","template":"","meta":{"footnotes":""},"class_list":["post-52","page","type-page","status-publish","hentry"],"_links":{"self":[{"href":"https:\/\/byesenciaeterea.com\/index.php?rest_route=\/wp\/v2\/pages\/52","targetHints":{"allow":["GET"]}}],"collection":[{"href":"https:\/\/byesenciaeterea.com\/index.php?rest_route=\/wp\/v2\/pages"}],"about":[{"href":"https:\/\/byesenciaeterea.com\/index.php?rest_route=\/wp\/v2\/types\/page"}],"author":[{"embeddable":true,"href":"https:\/\/byesenciaeterea.com\/index.php?rest_route=\/wp\/v2\/users\/1"}],"replies":[{"embeddable":true,"href":"https:\/\/byesenciaeterea.com\/index.php?rest_route=%2Fwp%2Fv2%2Fcomments&post=52"}],"version-history":[{"count":5,"href":"https:\/\/byesenciaeterea.com\/index.php?rest_route=\/wp\/v2\/pages\/52\/revisions"}],"predecessor-version":[{"id":165,"href":"https:\/\/byesenciaeterea.com\/index.php?rest_route=\/wp\/v2\/pages\/52\/revisions\/165"}],"wp:attachment":[{"href":"https:\/\/byesenciaeterea.com\/index.php?rest_route=%2Fwp%2Fv2%2Fmedia&parent=52"}],"curies":[{"name":"wp","href":"https:\/\/api.w.org\/{rel}","templated":true}]}}