{"id":214,"date":"2025-11-19T14:13:31","date_gmt":"2025-11-19T13:13:31","guid":{"rendered":"https:\/\/byesenciaeterea.com\/?page_id=214"},"modified":"2025-12-10T23:44:49","modified_gmt":"2025-12-10T22:44:49","slug":"recursos","status":"publish","type":"page","link":"https:\/\/byesenciaeterea.com\/?page_id=214","title":{"rendered":"Academia"},"content":{"rendered":"\n<p class=\"has-text-align-center\" style=\"margin-top:var(--wp--preset--spacing--20);margin-bottom:var(--wp--preset--spacing--20)\">Queremos ayudarte a que aprendas de manera sencilla y pr\u00e1ctica sobre la espiritualidad. En este apartado encontrar\u00e1s diferentes recursos para ello. Espero que la informaci\u00f3n aportada te sea de ayuda. No dudes en contactarnos si tienes dudas o quieres ampliar tus conocimientos en otros \u00e1mbitos. Estamos trabajando constantemente para proporcionarte las mejores herramientas, accesibles y flexibles a tu disponibilidad. Porque sabemos que tu tiempo y dinero son importantes. Por ello te dejo una muestra de algunos podcast gratuitos a continuaci\u00f3n. <\/p>\n\n\n\n<h2 class=\"wp-block-heading has-text-align-center is-style-asterisk has-background has-x-large-font-size\" style=\"background:linear-gradient(180deg,rgba(171,83,56,0.84) 0%,rgb(249,249,249) 100%)\">PODCAST<\/h2>\n\n\n\n<p class=\"has-text-align-center\" style=\"margin-top:0;margin-bottom:0\">Aprende sobre Tarot con estos podcast desde mi perfil de <a href=\"https:\/\/open.spotify.com\/show\/4QOkOnw9jjMHYVVUj9EXl2?si=0d3e04a9485e4461\" data-type=\"link\" data-id=\"https:\/\/open.spotify.com\/show\/4QOkOnw9jjMHYVVUj9EXl2?si=0d3e04a9485e4461\">Spotify<\/a><\/p>\n\n\n\n<p class=\"has-text-align-center\" style=\"margin-top:var(--wp--preset--spacing--30);margin-bottom:var(--wp--preset--spacing--30)\"><\/p>\n\n\n\n<p class=\"has-text-align-center has-system-serif-font-family has-large-font-size\" style=\"margin-top:0;margin-bottom:0;font-style:italic;font-weight:300\"><strong>TAROT<\/strong><\/p>\n\n\n\n<p class=\"has-text-align-center has-medium-font-size\" style=\"margin-top:0;margin-bottom:0\">Como herramienta de autoconocimiento y no de predicci\u00f3n <\/p>\n\n\n\n<figure class=\"wp-block-embed is-type-rich is-provider-spotify wp-block-embed-spotify wp-embed-aspect-21-9 wp-has-aspect-ratio\" style=\"margin-top:var(--wp--preset--spacing--30);margin-bottom:var(--wp--preset--spacing--30)\"><div class=\"wp-block-embed__wrapper\">\n<iframe title=\"Spotify Embed: \u00bfQu\u00e9 es el Tarot?\" style=\"border-radius: 12px\" width=\"100%\" height=\"152\" frameborder=\"0\" allowfullscreen allow=\"autoplay; clipboard-write; encrypted-media; fullscreen; picture-in-picture\" loading=\"lazy\" src=\"https:\/\/open.spotify.com\/embed\/show\/4QOkOnw9jjMHYVVUj9EXl2?si=BGsvUc14T8qMhntitDkQ5A&#038;utm_source=oembed\"><\/iframe>\n<\/div><\/figure>\n\n\n\n<h2 class=\"wp-block-heading has-text-align-center\">Recursos formativos online<\/h2>\n\n\n\n<p class=\"has-text-align-center\" style=\"margin-top:var(--wp--preset--spacing--30);margin-bottom:var(--wp--preset--spacing--30)\">Aqu\u00ed encontrar\u00e1s todos los cursos y formaciones disponibles en formato eBook creados espec\u00edficamente para que aprendas a tu ritmo. Caracterizados por tener una base s\u00f3lida conforme a una amplia bibliograf\u00eda, puntos de vista y\/o corrientes, adem\u00e1s de la experiencia adquirida en consultas y otras formaciones previas.<\/p>\n\n\n\n<div class=\"wp-block-media-text is-stacked-on-mobile\"><figure class=\"wp-block-media-text__media\"><img loading=\"lazy\" decoding=\"async\" width=\"1024\" height=\"576\" src=\"https:\/\/byesenciaeterea.com\/wp-content\/uploads\/2025\/11\/curso-de-pendulo.pdf-1024x576.png\" alt=\"\" class=\"wp-image-225 size-full\" srcset=\"https:\/\/byesenciaeterea.com\/wp-content\/uploads\/2025\/11\/curso-de-pendulo.pdf-1024x576.png 1024w, https:\/\/byesenciaeterea.com\/wp-content\/uploads\/2025\/11\/curso-de-pendulo.pdf-300x169.png 300w, https:\/\/byesenciaeterea.com\/wp-content\/uploads\/2025\/11\/curso-de-pendulo.pdf-768x432.png 768w, https:\/\/byesenciaeterea.com\/wp-content\/uploads\/2025\/11\/curso-de-pendulo.pdf.png 1280w\" sizes=\"auto, (max-width: 1024px) 100vw, 1024px\" \/><\/figure><div class=\"wp-block-media-text__content\">\n<p class=\"has-text-align-center\"><strong>Ebook de P\u00e9ndulo<\/strong> para aprender todo lo necesario para poder usar el p\u00e9ndulo a tu ritmo<\/p>\n\n\n\n<p class=\"has-text-align-center\">Desde su historia hasta el tipo de p\u00e9ndulos que existen y su uso concreto. Esta gu\u00eda est\u00e1 compuesta por 2 partes, (una te\u00f3rica y otra pr\u00e1ctica) formando un total de 38 p\u00e1ginas en formato PDF<\/p>\n\n\n\n<p class=\"has-text-align-center has-text-color has-link-color has-medium-font-size wp-elements-eb29f9b2a719fed5e583cc7fe500662d\" style=\"color:#67d71c\"><a href=\"https:\/\/wa.me\/p\/25577435215195334\/34644666759\" data-type=\"link\" data-id=\"https:\/\/wa.me\/p\/25577435215195334\/34644666759\">Obtener la gu\u00eda<\/a><\/p>\n<\/div><\/div>\n\n\n\n<p><\/p>\n\n\n\n<p class=\"has-text-align-center has-contrast-color has-text-color has-link-color has-medium-font-size wp-elements-80ba68ebf311080cf3e99db92907644a\" style=\"margin-top:var(--wp--preset--spacing--20);margin-bottom:var(--wp--preset--spacing--20)\"><\/p>\n","protected":false},"excerpt":{"rendered":"<p>Queremos ayudarte a que aprendas de manera sencilla y pr\u00e1ctica sobre la espiritualidad. En este apartado encontrar\u00e1s diferentes recursos para ello. Espero que la informaci\u00f3n aportada te sea de ayuda. No dudes en contactarnos si tienes dudas o quieres ampliar tus conocimientos en otros \u00e1mbitos. Estamos trabajando constantemente para proporcionarte las mejores herramientas, accesibles y [&hellip;]<\/p>\n","protected":false},"author":1,"featured_media":0,"parent":0,"menu_order":6,"comment_status":"closed","ping_status":"closed","template":"","meta":{"footnotes":""},"class_list":["post-214","page","type-page","status-publish","hentry"],"_links":{"self":[{"href":"https:\/\/byesenciaeterea.com\/index.php?rest_route=\/wp\/v2\/pages\/214","targetHints":{"allow":["GET"]}}],"collection":[{"href":"https:\/\/byesenciaeterea.com\/index.php?rest_route=\/wp\/v2\/pages"}],"about":[{"href":"https:\/\/byesenciaeterea.com\/index.php?rest_route=\/wp\/v2\/types\/page"}],"author":[{"embeddable":true,"href":"https:\/\/byesenciaeterea.com\/index.php?rest_route=\/wp\/v2\/users\/1"}],"replies":[{"embeddable":true,"href":"https:\/\/byesenciaeterea.com\/index.php?rest_route=%2Fwp%2Fv2%2Fcomments&post=214"}],"version-history":[{"count":5,"href":"https:\/\/byesenciaeterea.com\/index.php?rest_route=\/wp\/v2\/pages\/214\/revisions"}],"predecessor-version":[{"id":250,"href":"https:\/\/byesenciaeterea.com\/index.php?rest_route=\/wp\/v2\/pages\/214\/revisions\/250"}],"wp:attachment":[{"href":"https:\/\/byesenciaeterea.com\/index.php?rest_route=%2Fwp%2Fv2%2Fmedia&parent=214"}],"curies":[{"name":"wp","href":"https:\/\/api.w.org\/{rel}","templated":true}]}}