{"id":14,"date":"2025-06-28T11:11:42","date_gmt":"2025-06-28T11:11:42","guid":{"rendered":"https:\/\/byesenciaeterea.com\/?page_id=14"},"modified":"2026-02-17T14:08:51","modified_gmt":"2026-02-17T13:08:51","slug":"inicio","status":"publish","type":"page","link":"https:\/\/byesenciaeterea.com\/","title":{"rendered":"Inicio"},"content":{"rendered":"\n<p style=\"margin-top:0;margin-bottom:0\"><\/p>\n\n\n\n<div class=\"wp-block-cover is-light\" style=\"border-style:none;border-width:0px;border-radius:100px;min-height:228px;aspect-ratio:unset;\"><img loading=\"lazy\" decoding=\"async\" width=\"1200\" height=\"1600\" class=\"wp-block-cover__image-background wp-image-274 size-full\" alt=\"\" src=\"https:\/\/byesenciaeterea.com\/wp-content\/uploads\/2026\/01\/WhatsApp-Image-2026-01-18-at-17.35.02.jpeg\" style=\"object-position:50% 45%\" data-object-fit=\"cover\" data-object-position=\"50% 45%\" srcset=\"https:\/\/byesenciaeterea.com\/wp-content\/uploads\/2026\/01\/WhatsApp-Image-2026-01-18-at-17.35.02.jpeg 1200w, https:\/\/byesenciaeterea.com\/wp-content\/uploads\/2026\/01\/WhatsApp-Image-2026-01-18-at-17.35.02-225x300.jpeg 225w, https:\/\/byesenciaeterea.com\/wp-content\/uploads\/2026\/01\/WhatsApp-Image-2026-01-18-at-17.35.02-768x1024.jpeg 768w, https:\/\/byesenciaeterea.com\/wp-content\/uploads\/2026\/01\/WhatsApp-Image-2026-01-18-at-17.35.02-1152x1536.jpeg 1152w\" sizes=\"auto, (max-width: 1200px) 100vw, 1200px\" \/><span aria-hidden=\"true\" class=\"wp-block-cover__background has-accent-5-background-color has-background-dim-60 has-background-dim\"><\/span><div class=\"wp-block-cover__inner-container is-layout-flow wp-block-cover-is-layout-flow\">\n<p class=\"has-text-align-center has-base-2-color has-text-color has-link-color has-system-serif-font-family has-xx-large-font-size wp-elements-2355edcde9ad6422b52894857c9072cd\" style=\"border-radius:0px\">Te damos la bienvenida a by.esencia.eterea<\/p>\n\n\n\n<p class=\"has-text-align-center has-base-2-color has-text-color has-link-color has-system-serif-font-family has-large-font-size wp-elements-09c2af5aeb17c3f08429bb9a8d2c24af\">Crecimiento personal a trav\u00e9s de la espiritualidad<\/p>\n<\/div><\/div>\n\n\n\n<p style=\"margin-top:var(--wp--preset--spacing--20);margin-bottom:var(--wp--preset--spacing--20)\"><\/p>\n\n\n\n<p style=\"margin-top:var(--wp--preset--spacing--30);margin-bottom:var(--wp--preset--spacing--30)\"><\/p>\n\n\n\n<p class=\"has-text-align-center has-heading-font-family\" style=\"font-size:clamp(0.984rem, 0.984rem + ((1vw - 0.2rem) * 0.938), 1.5rem);\">En esta web encontrar\u00e1s acompa\u00f1amiento espiritual<\/p>\n\n\n\n<p class=\"has-text-align-center has-heading-font-family\" style=\"font-size:clamp(0.984rem, 0.984rem + ((1vw - 0.2rem) * 0.938), 1.5rem);\"> Podr\u00e1s elegir el recurso que m\u00e1s resuene contigo o creas necesitar seg\u00fan el momento en el que te encuentres<\/p>\n\n\n\n<p style=\"margin-top:var(--wp--preset--spacing--30);margin-bottom:var(--wp--preset--spacing--30)\"><\/p>\n\n\n\n<blockquote class=\"wp-block-quote has-background has-medium-font-size is-layout-flow wp-block-quote-is-layout-flow\" style=\"background-color:#d7d1eb5e\">\n<p class=\"has-text-align-center\" style=\"margin-top:var(--wp--preset--spacing--10);margin-right:var(--wp--preset--spacing--30);margin-bottom:var(--wp--preset--spacing--10);margin-left:var(--wp--preset--spacing--30);font-size:clamp(25.014px, 1.563rem + ((1vw - 3.2px) * 1.93), 42px);\">\u00abHasta que no hagas consciente lo inconsciente, este dirigir\u00e1 tu vida y lo llamar\u00e1s destino\u00bb <\/p>\n\n\n\n<p class=\"has-text-align-center\" style=\"margin-top:var(--wp--preset--spacing--30);margin-right:var(--wp--preset--spacing--50);margin-bottom:var(--wp--preset--spacing--30);margin-left:var(--wp--preset--spacing--50);font-size:clamp(25.014px, 1.563rem + ((1vw - 3.2px) * 1.93), 42px);\">&#8211; Carl G. Jung.<\/p>\n<\/blockquote>\n\n\n\n<hr class=\"wp-block-separator has-alpha-channel-opacity\" style=\"margin-top:var(--wp--preset--spacing--10);margin-bottom:var(--wp--preset--spacing--10)\"\/>\n\n\n\n<h2 class=\"wp-block-heading has-text-align-center is-style-asterisk\">\u00bfQui\u00e9n soy?<\/h2>\n\n\n\n<p style=\"margin-top:var(--wp--preset--spacing--10);margin-bottom:var(--wp--preset--spacing--10)\"><\/p>\n\n\n\n<div class=\"wp-block-media-text has-media-on-the-right is-stacked-on-mobile is-vertically-aligned-center\" style=\"border-style:none;border-width:0px;border-radius:0px;margin-right:0;margin-left:0;grid-template-columns:auto 25%\"><div class=\"wp-block-media-text__content\">\n<p class=\"has-text-align-center has-heading-font-family has-large-font-size\">Soy Cristina, leo el Tarot arquet\u00edpico, estudio psicolog\u00eda en la universidad, y creo contenido en redes sociales <\/p>\n<\/div><figure class=\"wp-block-media-text__media\"><img loading=\"lazy\" decoding=\"async\" width=\"591\" height=\"1024\" src=\"https:\/\/byesenciaeterea.com\/wp-content\/uploads\/2025\/12\/IMG-20251202-WA0014-591x1024.jpg\" alt=\"\" class=\"wp-image-260 size-full\" srcset=\"https:\/\/byesenciaeterea.com\/wp-content\/uploads\/2025\/12\/IMG-20251202-WA0014-591x1024.jpg 591w, https:\/\/byesenciaeterea.com\/wp-content\/uploads\/2025\/12\/IMG-20251202-WA0014-173x300.jpg 173w, https:\/\/byesenciaeterea.com\/wp-content\/uploads\/2025\/12\/IMG-20251202-WA0014-768x1330.jpg 768w, https:\/\/byesenciaeterea.com\/wp-content\/uploads\/2025\/12\/IMG-20251202-WA0014-887x1536.jpg 887w, https:\/\/byesenciaeterea.com\/wp-content\/uploads\/2025\/12\/IMG-20251202-WA0014.jpg 924w\" sizes=\"auto, (max-width: 591px) 100vw, 591px\" \/><\/figure><\/div>\n\n\n\n<p style=\"margin-top:var(--wp--preset--spacing--20);margin-bottom:var(--wp--preset--spacing--20)\"><\/p>\n\n\n\n<p class=\"has-text-align-center\" style=\"margin-top:var(--wp--preset--spacing--10);margin-bottom:var(--wp--preset--spacing--10)\"><\/p>\n\n\n\n<p class=\"has-text-align-center\" style=\"margin-top:var(--wp--preset--spacing--10);margin-bottom:var(--wp--preset--spacing--10)\">Despu\u00e9s de haber visto mundo desde muy peque\u00f1a y redirigir mi vida hacia lo desconocido innumerables veces, cambiando todo lo que ten\u00eda para empezar de cero, cree esta marca. S\u00f3lo porque sent\u00eda \u00abel llamado\u00bb y necesitaba reconectar con algo que me hiciera sentir plena y que pudiera expandir hacia los dem\u00e1s.<\/p>\n\n\n\n<p class=\"has-text-align-center\"> Pongo a tu disposici\u00f3n las herramientas que al principio fueron para mi una v\u00eda de autodescubrimiento. Me llevaron a entender mi proceso interno, desarrollar mis habilidades y entender mis experiencias previas. A trav\u00e9s de la expansi\u00f3n de mi conciencia, que un d\u00eda inici\u00f3 con la curiosidad y necesidad de conectar conmigo, nace by.esencia.eterea. <\/p>\n\n\n\n<p style=\"margin-top:var(--wp--preset--spacing--10);margin-bottom:var(--wp--preset--spacing--10)\"><\/p>\n\n\n\n<p class=\"has-text-align-center wp-container-content-9cfa9a5a\" style=\"padding-top:0;padding-bottom:0\">Mi proceso personal y experiencial se ha transformado en un proyecto que pongo a vuestra disposici\u00f3n.<\/p>\n\n\n\n<p style=\"margin-top:0;margin-bottom:0\"><\/p>\n\n\n\n<p><\/p>\n","protected":false},"excerpt":{"rendered":"<p>En esta web encontrar\u00e1s acompa\u00f1amiento espiritual Podr\u00e1s elegir el recurso que m\u00e1s resuene contigo o creas necesitar seg\u00fan el momento en el que te encuentres \u00abHasta que no hagas consciente lo inconsciente, este dirigir\u00e1 tu vida y lo llamar\u00e1s destino\u00bb &#8211; Carl G. Jung. \u00bfQui\u00e9n soy? Soy Cristina, leo el Tarot arquet\u00edpico, estudio psicolog\u00eda en [&hellip;]<\/p>\n","protected":false},"author":1,"featured_media":0,"parent":0,"menu_order":1,"comment_status":"closed","ping_status":"closed","template":"","meta":{"footnotes":""},"class_list":["post-14","page","type-page","status-publish","hentry"],"_links":{"self":[{"href":"https:\/\/byesenciaeterea.com\/index.php?rest_route=\/wp\/v2\/pages\/14","targetHints":{"allow":["GET"]}}],"collection":[{"href":"https:\/\/byesenciaeterea.com\/index.php?rest_route=\/wp\/v2\/pages"}],"about":[{"href":"https:\/\/byesenciaeterea.com\/index.php?rest_route=\/wp\/v2\/types\/page"}],"author":[{"embeddable":true,"href":"https:\/\/byesenciaeterea.com\/index.php?rest_route=\/wp\/v2\/users\/1"}],"replies":[{"embeddable":true,"href":"https:\/\/byesenciaeterea.com\/index.php?rest_route=%2Fwp%2Fv2%2Fcomments&post=14"}],"version-history":[{"count":5,"href":"https:\/\/byesenciaeterea.com\/index.php?rest_route=\/wp\/v2\/pages\/14\/revisions"}],"predecessor-version":[{"id":283,"href":"https:\/\/byesenciaeterea.com\/index.php?rest_route=\/wp\/v2\/pages\/14\/revisions\/283"}],"wp:attachment":[{"href":"https:\/\/byesenciaeterea.com\/index.php?rest_route=%2Fwp%2Fv2%2Fmedia&parent=14"}],"curies":[{"name":"wp","href":"https:\/\/api.w.org\/{rel}","templated":true}]}}