{"id":121,"date":"2025-08-05T12:43:19","date_gmt":"2025-08-05T10:43:19","guid":{"rendered":"https:\/\/byesenciaeterea.com\/?page_id=121"},"modified":"2026-03-07T09:00:27","modified_gmt":"2026-03-07T08:00:27","slug":"tarot-terapeutico","status":"publish","type":"page","link":"https:\/\/byesenciaeterea.com\/?page_id=121","title":{"rendered":"Tarot"},"content":{"rendered":"\n<div class=\"wp-block-cover is-light wp-duotone-unset-1\" style=\"border-style:none;border-width:0px;border-top-left-radius:0px;border-top-right-radius:0px;border-bottom-left-radius:0px;border-bottom-right-radius:0px;margin-top:0;margin-bottom:0;padding-top:0;padding-bottom:0;min-height:1vh;aspect-ratio:unset;\"><span aria-hidden=\"true\" class=\"wp-block-cover__background has-background-dim-0 has-background-dim\"><\/span><div class=\"wp-block-cover__inner-container is-layout-flow wp-container-core-cover-is-layout-3892b39b wp-block-cover-is-layout-flow\">\n<p class=\"has-text-align-center has-system-serif-font-family\" style=\"margin-top:0;margin-bottom:0;font-size:clamp(1.119rem, 1.119rem + ((1vw - 0.2rem) * 1.147), 1.75rem);\">El Tarot nos ayuda a ver los patrones mentales inconscientes<\/p>\n\n\n\n<p class=\"has-text-align-center has-system-serif-font-family\" style=\"margin-top:0;margin-bottom:0;font-size:clamp(1.119rem, 1.119rem + ((1vw - 0.2rem) * 1.147), 1.75rem);\">Es una herramienta que muestra la energ\u00eda que reside en ti, de esta manera nos gu\u00eda en momentos de incertidumbre<\/p>\n\n\n\n<p class=\"has-text-align-center has-system-serif-font-family\" style=\"margin-top:0;margin-bottom:0;font-size:clamp(1.119rem, 1.119rem + ((1vw - 0.2rem) * 1.147), 1.75rem);\">El libre albedr\u00edo precede sobre todo y t\u00fa eres el \u00fanico responsable de crear tu destino con tus decisiones y actuaciones<\/p>\n<\/div><\/div>\n\n\n\n<p style=\"margin-top:var(--wp--preset--spacing--10);margin-bottom:var(--wp--preset--spacing--10)\"><\/p>\n\n\n\n<p class=\"has-text-align-center has-system-serif-font-family has-x-large-font-size\">ARQUETIPOS VS PREDICCI\u00d3N<\/p>\n\n\n\n<p class=\"has-text-align-center\" style=\"margin-top:var(--wp--preset--spacing--10);margin-bottom:var(--wp--preset--spacing--10)\">\u00bfPor qu\u00e9 leer desde los arquetipos y no desde la predicci\u00f3n? <\/p>\n\n\n\n<p><\/p>\n\n\n\n<p class=\"has-text-align-center\" style=\"margin-top:0;margin-bottom:0\">En l\u00edneas generales la predicci\u00f3n limita tus acciones y visi\u00f3n de futuro. Determinando que va a sucederte como si fuera una sentencia. <\/p>\n\n\n\n<p class=\"has-text-align-center\" style=\"margin-top:0;margin-bottom:0\">Hay personas que esto lo toman de forma literal e inamovible. Es aqu\u00ed cuando recibir una predicci\u00f3n resulta peligroso<\/p>\n\n\n\n<p><\/p>\n\n\n\n<p class=\"has-text-align-center\" style=\"margin-top:var(--wp--preset--spacing--10);margin-bottom:var(--wp--preset--spacing--10)\">Es comprensible que a veces se busque este tipo de consultas para querer saber que va a pasar en una situaci\u00f3n determinada de incertidumbre o urgencia. Pero eso acaba siendo contraproducente y perjudicial. Se acaba convirtiendo en una adicci\u00f3n preguntarle al Tarot qu\u00e9 va a pasar, cu\u00e1ndo, y c\u00f3mo con todos los detalles posibles. Porque de eso se trata el Tarot, de que te lean el futuro, \u00bfno? <\/p>\n\n\n\n<p><\/p>\n\n\n\n<p class=\"has-text-align-center\" style=\"padding-top:var(--wp--preset--spacing--10);padding-bottom:var(--wp--preset--spacing--10)\">Siento decirte que no todo es as\u00ed. Si bien cada tarotista tiene una forma de trabajar. Yo ya no hago predicciones. Porque s\u00ed, durante m\u00e1s de dos a\u00f1os he estado leyendo diariamente de manera predictiva. Me he encontrado todas las situaciones posibles. Y me he dado cuenta que no es como quiero trabajar ni tampoco como quiero que el Tarot sea visto y recordado<\/p>\n\n\n\n<p class=\"has-text-align-center\" style=\"margin-top:var(--wp--preset--spacing--10);margin-bottom:var(--wp--preset--spacing--10)\">Durante este tiempo he estado investigando y estudiando sobre otras formas de leer que no impliquen necesariamente la predicci\u00f3n. Quer\u00eda enriquecer las consultas de manera que no fuera solo informaci\u00f3n para escuchar y olvidar. De esta forma di con los arquetipos representados en la psicolog\u00eda profunda<\/p>\n\n\n\n<p><\/p>\n\n\n\n<p class=\"has-text-align-center has-background has-system-sans-serif-font-family\" style=\"background:linear-gradient(135deg,rgb(6,147,227) 0%,rgb(20,218,212) 21%,rgb(155,81,224) 100%);margin-top:var(--wp--preset--spacing--20);margin-bottom:var(--wp--preset--spacing--20);font-size:clamp(0.875rem, 0.875rem + ((1vw - 0.2rem) * 0.773), 1.3rem);\">El Tarot arquet\u00edpico nos muestra nuestros patrones de conducta, miedos y experiencias inconscientes que est\u00e1n relacionados de manera intr\u00ednseca con las preguntas que hacemos. Nos muestra la informaci\u00f3n que reside en nuestro inconsciente. Aquella informaci\u00f3n sobre la que nosotros mismos tenemos dificultades para ver y reconocer. Las cartas nos lo muestran para que nosotros tomemos acci\u00f3n.<\/p>\n\n\n\n<p class=\"has-text-align-center\" style=\"margin-top:var(--wp--preset--spacing--40);margin-bottom:var(--wp--preset--spacing--40)\">\u22c6 \u22c6 \u22c6  \u263d \u2727 \u263e  \u22c6 \u22c6 \u22c6<\/p>\n\n\n\n<p class=\"has-text-align-center\"><\/p>\n\n\n\n<div class=\"wp-block-media-text alignwide has-media-on-the-right is-stacked-on-mobile has-background has-small-font-size\" style=\"border-style:none;border-width:0px;border-radius:0px;background-color:#67047d1f;padding-top:0;padding-bottom:0;grid-template-columns:auto 21%\"><div class=\"wp-block-media-text__content\">\n<p class=\"has-text-align-center\" style=\"font-size:clamp(0.929rem, 0.929rem + ((1vw - 0.2rem) * 0.856), 1.4rem);\">\u00a1Hola! soy Cristina\u10e6<\/p>\n\n\n\n<p class=\"has-text-align-center\" style=\"font-size:clamp(0.929rem, 0.929rem + ((1vw - 0.2rem) * 0.856), 1.4rem);\"> Aunque soy <strong>tarotista<\/strong>, no predigo lo que te va a pasar <\/p>\n\n\n\n<p class=\"has-text-align-center\" style=\"font-size:clamp(0.875rem, 0.875rem + ((1vw - 0.2rem) * 0.773), 1.3rem);\">Te ense\u00f1o la energ\u00eda que tienes disponible para crear el futuro que <strong>deseas<\/strong>\u2728<\/p>\n\n\n\n<p class=\"has-text-align-center\" style=\"font-size:clamp(0.875em, 0.875rem + ((1vw - 0.2em) * 0.773), 1.3em);\">No es magia es tomar <strong>conciencia <\/strong>sobre ti y tu presente<\/p>\n\n\n\n<p class=\"has-text-align-center\" style=\"margin-top:0;margin-bottom:0;font-size:clamp(0.875em, 0.875rem + ((1vw - 0.2em) * 0.773), 1.3em);\">No est\u00e1s destinado a nada que no sea por lo que t\u00fa <strong>mismo<\/strong> trabajes  <\/p>\n<\/div><figure class=\"wp-block-media-text__media\"><img loading=\"lazy\" decoding=\"async\" width=\"576\" height=\"1024\" src=\"https:\/\/byesenciaeterea.com\/wp-content\/uploads\/2025\/08\/IMG_20250802_183905_856-576x1024.webp\" alt=\"\" class=\"wp-image-139 size-full\" srcset=\"https:\/\/byesenciaeterea.com\/wp-content\/uploads\/2025\/08\/IMG_20250802_183905_856-576x1024.webp 576w, https:\/\/byesenciaeterea.com\/wp-content\/uploads\/2025\/08\/IMG_20250802_183905_856-169x300.webp 169w, https:\/\/byesenciaeterea.com\/wp-content\/uploads\/2025\/08\/IMG_20250802_183905_856-768x1365.webp 768w, https:\/\/byesenciaeterea.com\/wp-content\/uploads\/2025\/08\/IMG_20250802_183905_856-864x1536.webp 864w, https:\/\/byesenciaeterea.com\/wp-content\/uploads\/2025\/08\/IMG_20250802_183905_856.webp 1080w\" sizes=\"auto, (max-width: 576px) 100vw, 576px\" \/><\/figure><\/div>\n\n\n\n<p class=\"has-small-font-size\" style=\"margin-top:var(--wp--preset--spacing--10);margin-bottom:var(--wp--preset--spacing--10)\"><\/p>\n\n\n\n<div class=\"wp-block-media-text is-stacked-on-mobile has-background\" style=\"background-color:#67047d1f;grid-template-columns:32% auto\"><figure class=\"wp-block-media-text__media\"><img loading=\"lazy\" decoding=\"async\" width=\"576\" height=\"1024\" src=\"https:\/\/byesenciaeterea.com\/wp-content\/uploads\/2025\/08\/IMG_20250718_200612_597-576x1024.webp\" alt=\"\" class=\"wp-image-132 size-full\" srcset=\"https:\/\/byesenciaeterea.com\/wp-content\/uploads\/2025\/08\/IMG_20250718_200612_597-576x1024.webp 576w, https:\/\/byesenciaeterea.com\/wp-content\/uploads\/2025\/08\/IMG_20250718_200612_597-169x300.webp 169w, https:\/\/byesenciaeterea.com\/wp-content\/uploads\/2025\/08\/IMG_20250718_200612_597-768x1365.webp 768w, https:\/\/byesenciaeterea.com\/wp-content\/uploads\/2025\/08\/IMG_20250718_200612_597-864x1536.webp 864w, https:\/\/byesenciaeterea.com\/wp-content\/uploads\/2025\/08\/IMG_20250718_200612_597.webp 1080w\" sizes=\"auto, (max-width: 576px) 100vw, 576px\" \/><\/figure><div class=\"wp-block-media-text__content\">\n<p class=\"has-text-align-center\" style=\"font-size:clamp(0.875rem, 0.875rem + ((1vw - 0.2rem) * 0.773), 1.3rem);\">Con el estudio de distintos autores y bibliograf\u00edas, he creado un <strong>sistema de lectura<\/strong> que involucra al consultante de manera <strong>activa <\/strong>en su futuro a trav\u00e9s del enfoque en el <strong>presente<\/strong><\/p>\n\n\n\n<p class=\"has-text-align-center\" style=\"font-size:clamp(14px, 0.875rem + ((1vw - 3.2px) * 0.341), 17px);\">No leo lo que vaya a pasarte, sino lo que te ocurre ahora.<\/p>\n\n\n\n<p class=\"has-text-align-center\" style=\"font-size:clamp(14px, 0.875rem + ((1vw - 3.2px) * 0.341), 17px);\"> Siendo consciente del presente puedes crear el futuro que quieras. Y cambiar aquellas situaciones que no son beneficiosas para ti y est\u00e9 en tu mano actuar<\/p>\n\n\n\n<p class=\"has-text-align-center\" style=\"font-size:clamp(14px, 0.875rem + ((1vw - 3.2px) * 0.455), 18px);\">De esta forma dejas de ser un consultante pasivo que recibe predicciones a uno activo que las <strong>crea<\/strong>. Tomas <strong>acci\u00f3n <\/strong>en tu vida, cambiando aquello que no te sirve, por lo que <strong>quieres <\/strong>mejorar y conseguir<\/p>\n<\/div><\/div>\n\n\n\n<p class=\"has-text-align-center\" style=\"margin-top:var(--wp--preset--spacing--10);margin-bottom:var(--wp--preset--spacing--10)\"><\/p>\n\n\n\n<p style=\"margin-top:var(--wp--preset--spacing--10);margin-bottom:var(--wp--preset--spacing--10)\"><\/p>\n\n\n\n<div class=\"wp-block-group has-background has-global-padding is-layout-constrained wp-block-group-is-layout-constrained\" style=\"background-color:#dacaea\">\n<div class=\"wp-block-columns are-vertically-aligned-center is-layout-flex wp-container-core-columns-is-layout-28f84493 wp-block-columns-is-layout-flex\">\n<div class=\"wp-block-column is-vertically-aligned-center is-layout-flow wp-block-column-is-layout-flow\" style=\"flex-basis:100%\">\n<div class=\"wp-block-media-text has-media-on-the-right is-stacked-on-mobile is-vertically-aligned-center\" style=\"grid-template-columns:auto 23%\"><div class=\"wp-block-media-text__content\">\n<h2 class=\"wp-block-heading has-text-align-center\">Te explico como trabajo \u2193<\/h2>\n\n\n\n<p class=\"has-text-align-center\">Todas las consultas ser\u00e1n atendidas por Chat de <strong>WhatsApp<\/strong><\/p>\n\n\n\n<p class=\"has-text-align-center has-medium-font-size\">Se atiende por <strong>preguntas <\/strong>espec\u00edficas<\/p>\n\n\n\n<p class=\"has-text-align-center has-small-font-size\">Cada pregunta tiene un abono de 8\u20ac<\/p>\n\n\n\n<p class=\"has-text-align-center\">Te enviar\u00e9 <strong>foto<\/strong> de las cartas y varios <strong>audios <\/strong>explicativos por <strong>cada <\/strong>pregunta consultada <\/p>\n\n\n\n<p class=\"has-text-align-center\">No se necesita cita previa. Se atender\u00e1 por <strong>orden <\/strong>de pago, con la mayor brevedad posible<\/p>\n\n\n\n<p class=\"has-text-align-center\">Para facilitar la fluidez de las consultas, una vez recibido el pago, env\u00eda tu pregunta o lista de preguntas, con tu informaci\u00f3n personal relevante (nombre y apellidos, etc.)<\/p>\n\n\n\n<p class=\"has-text-align-center has-text-color has-link-color has-medium-font-size wp-elements-b74bcc085e6a991a28d9c9cc1e97c644\" style=\"color:#6b3da1\"><a href=\"https:\/\/wa.me\/p\/8060612683968615\/34644666759\" data-type=\"page\" data-id=\"208\"><strong><em>Recibe tu consulta <\/em><\/strong><\/a><\/p>\n<\/div><figure class=\"wp-block-media-text__media\"><img loading=\"lazy\" decoding=\"async\" width=\"576\" height=\"1024\" src=\"https:\/\/byesenciaeterea.com\/wp-content\/uploads\/2025\/06\/IMG_20250616_220804_754-576x1024.webp\" alt=\"\" class=\"wp-image-28 size-full\" srcset=\"https:\/\/byesenciaeterea.com\/wp-content\/uploads\/2025\/06\/IMG_20250616_220804_754-576x1024.webp 576w, https:\/\/byesenciaeterea.com\/wp-content\/uploads\/2025\/06\/IMG_20250616_220804_754-169x300.webp 169w, https:\/\/byesenciaeterea.com\/wp-content\/uploads\/2025\/06\/IMG_20250616_220804_754-768x1365.webp 768w, https:\/\/byesenciaeterea.com\/wp-content\/uploads\/2025\/06\/IMG_20250616_220804_754-864x1536.webp 864w, https:\/\/byesenciaeterea.com\/wp-content\/uploads\/2025\/06\/IMG_20250616_220804_754.webp 1080w\" sizes=\"auto, (max-width: 576px) 100vw, 576px\" \/><\/figure><\/div>\n<\/div>\n<\/div>\n<\/div>\n\n\n\n<p class=\"has-text-align-center has-small-font-size\" style=\"margin-top:var(--wp--preset--spacing--30);margin-bottom:var(--wp--preset--spacing--30)\"><\/p>\n\n\n\n<p class=\"has-text-align-center has-text-color has-link-color has-small-font-size wp-elements-4199f264511ddb3ff01628d8a11a0675\" style=\"color:#4c22c9\"><\/p>\n\n\n\n<p class=\"has-text-align-center has-text-color has-link-color has-small-font-size wp-elements-4199f264511ddb3ff01628d8a11a0675\" style=\"color:#4c22c9\"><\/p>\n\n\n\n<p class=\"has-text-align-center has-background has-small-font-size\" style=\"background-color:#047d7d1f;margin-top:0;margin-bottom:0\">*Este tipo de consultas no sustituyen ni representan a ninguna terapia psicol\u00f3gica. Si lo crees necesario, consulta con un profesional de la salud mental *<\/p>\n\n\n\n<p><\/p>\n\n\n\n<p style=\"margin-top:var(--wp--preset--spacing--50);margin-bottom:var(--wp--preset--spacing--50)\"><\/p>\n\n\n\n<p class=\"has-text-align-center\">Todos los servicios ser\u00e1n abonados con antelaci\u00f3n a la consulta <\/p>\n\n\n\n<p class=\"has-text-align-center\">Se acepta Bizum. PayPal para consultas internacionales (con un incremento del 5,5%)<\/p>\n\n\n\n<p class=\"has-text-align-center has-small-font-size\"><\/p>\n\n\n\n<p><\/p>\n","protected":false},"excerpt":{"rendered":"<p>ARQUETIPOS VS PREDICCI\u00d3N \u00bfPor qu\u00e9 leer desde los arquetipos y no desde la predicci\u00f3n? En l\u00edneas generales la predicci\u00f3n limita tus acciones y visi\u00f3n de futuro. Determinando que va a sucederte como si fuera una sentencia. Hay personas que esto lo toman de forma literal e inamovible. Es aqu\u00ed cuando recibir una predicci\u00f3n resulta peligroso [&hellip;]<\/p>\n","protected":false},"author":1,"featured_media":0,"parent":0,"menu_order":2,"comment_status":"closed","ping_status":"closed","template":"","meta":{"footnotes":""},"class_list":["post-121","page","type-page","status-publish","hentry"],"_links":{"self":[{"href":"https:\/\/byesenciaeterea.com\/index.php?rest_route=\/wp\/v2\/pages\/121","targetHints":{"allow":["GET"]}}],"collection":[{"href":"https:\/\/byesenciaeterea.com\/index.php?rest_route=\/wp\/v2\/pages"}],"about":[{"href":"https:\/\/byesenciaeterea.com\/index.php?rest_route=\/wp\/v2\/types\/page"}],"author":[{"embeddable":true,"href":"https:\/\/byesenciaeterea.com\/index.php?rest_route=\/wp\/v2\/users\/1"}],"replies":[{"embeddable":true,"href":"https:\/\/byesenciaeterea.com\/index.php?rest_route=%2Fwp%2Fv2%2Fcomments&post=121"}],"version-history":[{"count":5,"href":"https:\/\/byesenciaeterea.com\/index.php?rest_route=\/wp\/v2\/pages\/121\/revisions"}],"predecessor-version":[{"id":289,"href":"https:\/\/byesenciaeterea.com\/index.php?rest_route=\/wp\/v2\/pages\/121\/revisions\/289"}],"wp:attachment":[{"href":"https:\/\/byesenciaeterea.com\/index.php?rest_route=%2Fwp%2Fv2%2Fmedia&parent=121"}],"curies":[{"name":"wp","href":"https:\/\/api.w.org\/{rel}","templated":true}]}}